{"id":1794,"date":"2025-08-21T11:12:49","date_gmt":"2025-08-21T09:12:49","guid":{"rendered":"https:\/\/chandrikalove.tv\/?page_id=1794"},"modified":"2026-04-04T16:27:43","modified_gmt":"2026-04-04T14:27:43","slug":"impressum","status":"publish","type":"page","link":"https:\/\/chandrikalove.tv\/index.php\/impressum\/","title":{"rendered":"Impressum"},"content":{"rendered":"\t\t<div data-elementor-type=\"wp-page\" data-elementor-id=\"1794\" class=\"elementor elementor-1794\" data-elementor-post-type=\"page\">\n\t\t\t\t\t\t<section class=\"elementor-section elementor-top-section elementor-element elementor-element-3f9ca5e elementor-section-height-min-height elementor-section-boxed elementor-section-height-default elementor-section-items-middle\" data-id=\"3f9ca5e\" data-element_type=\"section\" data-e-type=\"section\" data-settings=\"{&quot;background_background&quot;:&quot;classic&quot;}\">\n\t\t\t\t\t\t<div class=\"elementor-container elementor-column-gap-default\">\n\t\t\t\t\t<div class=\"elementor-column elementor-col-100 elementor-top-column elementor-element elementor-element-d367258\" data-id=\"d367258\" data-element_type=\"column\" data-e-type=\"column\">\n\t\t\t<div class=\"elementor-widget-wrap elementor-element-populated\">\n\t\t\t\t\t\t<div class=\"elementor-element elementor-element-8266b10 elementor-widget elementor-widget-image\" data-id=\"8266b10\" data-element_type=\"widget\" data-e-type=\"widget\" data-widget_type=\"image.default\">\n\t\t\t\t<div class=\"elementor-widget-container\">\n\t\t\t\t\t\t\t\t\t\t\t\t\t\t\t<img fetchpriority=\"high\" decoding=\"async\" width=\"1024\" height=\"137\" src=\"https:\/\/chandrikalove.tv\/wp-content\/uploads\/2025\/08\/IMP@2x-1024x137.png\" class=\"attachment-large size-large wp-image-1800\" alt=\"\" srcset=\"https:\/\/chandrikalove.tv\/wp-content\/uploads\/2025\/08\/IMP@2x-200x27.png 200w, https:\/\/chandrikalove.tv\/wp-content\/uploads\/2025\/08\/IMP@2x-300x40.png 300w, https:\/\/chandrikalove.tv\/wp-content\/uploads\/2025\/08\/IMP@2x-400x53.png 400w, https:\/\/chandrikalove.tv\/wp-content\/uploads\/2025\/08\/IMP@2x-600x80.png 600w, https:\/\/chandrikalove.tv\/wp-content\/uploads\/2025\/08\/IMP@2x-768x102.png 768w, https:\/\/chandrikalove.tv\/wp-content\/uploads\/2025\/08\/IMP@2x-800x107.png 800w, https:\/\/chandrikalove.tv\/wp-content\/uploads\/2025\/08\/IMP@2x-1024x137.png 1024w, https:\/\/chandrikalove.tv\/wp-content\/uploads\/2025\/08\/IMP@2x-1200x160.png 1200w, https:\/\/chandrikalove.tv\/wp-content\/uploads\/2025\/08\/IMP@2x-1536x205.png 1536w\" sizes=\"(max-width: 1024px) 100vw, 1024px\" \/>\t\t\t\t\t\t\t\t\t\t\t\t\t\t\t<\/div>\n\t\t\t\t<\/div>\n\t\t\t\t\t<\/div>\n\t\t<\/div>\n\t\t\t\t\t<\/div>\n\t\t<\/section>\n\t\t\t\t<section class=\"elementor-section elementor-top-section elementor-element elementor-element-79f61f8 elementor-section-height-min-height elementor-section-items-top elementor-section-boxed elementor-section-height-default\" data-id=\"79f61f8\" data-element_type=\"section\" data-e-type=\"section\" data-settings=\"{&quot;background_background&quot;:&quot;classic&quot;}\">\n\t\t\t\t\t\t<div class=\"elementor-container elementor-column-gap-default\">\n\t\t\t\t\t<div class=\"elementor-column elementor-col-100 elementor-top-column elementor-element elementor-element-f52ebd3\" data-id=\"f52ebd3\" data-element_type=\"column\" data-e-type=\"column\">\n\t\t\t<div class=\"elementor-widget-wrap elementor-element-populated\">\n\t\t\t\t\t\t<section class=\"elementor-section elementor-inner-section elementor-element elementor-element-c1c2663 elementor-section-height-min-height elementor-section-boxed elementor-section-height-default\" data-id=\"c1c2663\" data-element_type=\"section\" data-e-type=\"section\">\n\t\t\t\t\t\t<div class=\"elementor-container elementor-column-gap-default\">\n\t\t\t\t\t<div class=\"elementor-column elementor-col-100 elementor-inner-column elementor-element elementor-element-d2df6da\" data-id=\"d2df6da\" data-element_type=\"column\" data-e-type=\"column\">\n\t\t\t<div class=\"elementor-widget-wrap elementor-element-populated\">\n\t\t\t\t\t\t<div class=\"elementor-element elementor-element-378da69 elementor-widget__width-initial elementor-widget elementor-widget-text-editor\" data-id=\"378da69\" data-element_type=\"widget\" data-e-type=\"widget\" data-widget_type=\"text-editor.default\">\n\t\t\t\t<div class=\"elementor-widget-container\">\n\t\t\t\t\t\t\t\t\t<p data-fontsize=\"40\" data-lineheight=\"52px\"><span style=\"color: #f5f2f2;\">VERANTWORTLICH UND KONTAKT<\/span><\/p>\n<p><span style=\"color: #f5f2f2;\"><strong>Angaben:&nbsp;<\/strong>[gem\u00e4\u00df \u00a75 TMG]<\/span><br><span style=\"color: #f5f2f2;\">Team Mutter Erde GbR<\/span><\/p>\n<p><span style=\"letter-spacing: 0px; font-style: var(--body_typography-font-style,normal);\">Office 620 Wilson Business Park,&nbsp;<\/span><span style=\"font-style: var(--body_typography-font-style,normal); letter-spacing: 0px;\">Initial Business Centre,<\/span><\/p>\n<p><span style=\"font-style: var(--body_typography-font-style,normal); letter-spacing: 0px;\">Manchester, England, M40 8WN<\/span><\/p>\n<p><span style=\"color: #f5f2f2;\"><strong>Kontakt:<\/strong><\/span><br><span style=\"color: #f5f2f2;\">Telefon:+447575547439<\/span><br><span style=\"color: #f5f2f2;\">E-Mail: kontakt@teammuttererde.tv<\/span><\/p>\n<p><span style=\"color: #f5f2f2;\"><strong>Redaktionell verantwortlich:<\/strong><\/span><\/p>\n<p><span style=\"color: #f5f2f2;\">Team Mutter Erde GbR<\/span><\/p>\n<p><span style=\"letter-spacing: 0px; font-style: var(--body_typography-font-style,normal);\">Office 620 Wilson Business Park,&nbsp;<\/span><span style=\"font-style: var(--body_typography-font-style,normal); letter-spacing: 0px;\">Initial Business Centre,<\/span><\/p>\n<p><span style=\"font-style: var(--body_typography-font-style,normal); letter-spacing: 0px;\">Manchester, England, M40 8WN<\/span><\/p>\n<p data-fontsize=\"40\" data-lineheight=\"52px\"><span style=\"color: #f5f2f2;\"><strong>DISCLAIMER \u2013 RECHTLICHE HINWEISE<\/strong><\/span><\/p>\n<p data-fontsize=\"40\" data-lineheight=\"52px\"><span style=\"color: #f5f2f2;\"><strong>\u00a7 1 Haftung f\u00fcr Inhalte<\/strong><\/span><\/p>\n<p><span style=\"color: #f5f2f2;\">Als Diensteanbieter sind wir [gem\u00e4\u00df \u00a7 7 Abs.1 TMG] f\u00fcr eigene Inhalte auf diesen Seiten nach den allgemeinen Gesetzen verantwortlich. Wir sind [nach \u00a7 8 bis 10 TMG] als Diensteanbieter jedoch nicht verpflichtet, \u00fcbermittelte oder gespeicherte fremde Informationen zu \u00fcberwachen oder nach Umst\u00e4nden zu forschen, die auf eine rechtswidrige T\u00e4tigkeit hinweisen.<\/span><\/p>\n<p><span style=\"color: #f5f2f2;\">Verpflichtungen zur Entfernung oder Sperrung der Nutzung von Informationen nach den allgemeinen Gesetzen bleiben hiervon unber\u00fchrt. Eine diesbez\u00fcgliche Haftung ist jedoch erst ab dem Zeitpunkt der Kenntnis einer konkreten Rechtsverletzung m\u00f6glich. Bei Bekanntwerden von entsprechenden Rechtsverletzungen werden wir diese Inhalte umgehend entfernen.<\/span><\/p>\n<p data-fontsize=\"40\" data-lineheight=\"52px\"><span style=\"color: #f5f2f2;\"><strong>\u00a7 2 Haftung f\u00fcr Links<\/strong><\/span><\/p>\n<p><span style=\"color: #f5f2f2;\">Unser Angebot enth\u00e4lt Links zu externen Websites Dritter, auf deren Inhalte wir keinen Einfluss haben. Deshalb k\u00f6nnen wir f\u00fcr diese fremden Inhalte auch keine Gew\u00e4hr \u00fcbernehmen. F\u00fcr die Inhalte der verlinkten Seiten ist stets der jeweilige Anbieter oder Betreiber der Seiten verantwortlich. Die verlinkten Seiten wurden zum Zeitpunkt der Verlinkung auf m\u00f6gliche Rechtsverst\u00f6\u00dfe \u00fcberpr\u00fcft. Rechtswidrige Inhalte waren zum Zeitpunkt der Verlinkung nicht erkennbar.<\/span><\/p>\n<p><span style=\"color: #f5f2f2;\">Eine permanente inhaltliche Kontrolle der verlinkten Seiten ist jedoch ohne konkrete Anhaltspunkte einer Rechtsverletzung nicht zumutbar. Bei Bekanntwerden von Rechtsverletzungen werden wir derartige Links umgehend entfernen.<\/span><\/p>\n<p data-fontsize=\"40\" data-lineheight=\"52px\"><span style=\"color: #f5f2f2;\"><strong>\u00a7 3 Urheber- und Leistungsschutzrechte<\/strong><\/span><\/p>\n<p><span style=\"color: #f5f2f2;\">Die auf dieser Website ver\u00f6ffentlichten Inhalte unterliegen dem deutschen Urheber- und Leistungsschutzrecht. Jede vom deutschen Urheber- und Leistungsschutzrecht nicht zugelassene Verwertung bedarf der vorherigen schriftlichen Zustimmung des Anbieters oder jeweiligen Rechteinhabers. Dies gilt insbesondere f\u00fcr Vervielf\u00e4ltigung, Bearbeitung, \u00dcbersetzung, Einspeicherung, Verarbeitung bzw. Wiedergabe von Inhalten in Datenbanken oder anderen elektronischen Medien und Systemen. Inhalte und Rechte Dritter sind dabei als solche gekennzeichnet. Die unerlaubte Vervielf\u00e4ltigung oder Weitergabe einzelner Inhalte oder kompletter Seiten ist nicht gestattet und strafbar. Lediglich die Herstellung von Kopien und Downloads f\u00fcr den pers\u00f6nlichen, privaten und nicht kommerziellen Gebrauch ist erlaubt. Die Darstellung dieser Website in fremden Frames ist nur mit schriftlicher Erlaubnis zul\u00e4ssig.<\/span><\/p>\n<p><span style=\"color: #f5f2f2;\">Fotoerstellung von Lissy Routil:&nbsp;<a style=\"letter-spacing: 0px; font-style: var(--body_typography-font-style,normal); color: #f5f2f2;\" href=\"https:\/\/www.instagram.com\/lissyroutil.foto\/\">https:\/\/www.instagram.com\/lissyroutil.foto\/<\/a><\/span><\/p>\n<p><span style=\"color: #f5f2f2;\">Webdesign by Patricia Flender:&nbsp;<a style=\"letter-spacing: 0px; font-style: var(--body_typography-font-style,normal); color: #f5f2f2;\" href=\"https:\/\/www.instagram.com\/visual_venus_by_patricia\/\">https:\/\/www.instagram.com\/visual_venus_by_patricia\/<\/a><\/span><\/p>\n<p data-fontsize=\"40\" data-lineheight=\"52px\"><span style=\"color: #f5f2f2;\"><strong>\u00a7 4 Besondere Nutzungsbedingungen<\/strong><\/span><\/p>\n<p><span style=\"color: #f5f2f2;\">Soweit besondere Bedingungen f\u00fcr einzelne Nutzungen dieser Website von den vorgenannten Paragraphen abweichen, wird an entsprechender Stelle ausdr\u00fccklich darauf hingewiesen. In diesem Falle gelten im jeweiligen Einzelfall die besonderen Nutzungsbedingungen. Quelle: Impressumsgenerator von juraforum.de<\/span><\/p>\t\t\t\t\t\t\t\t<\/div>\n\t\t\t\t<\/div>\n\t\t\t\t\t<\/div>\n\t\t<\/div>\n\t\t\t\t\t<\/div>\n\t\t<\/section>\n\t\t\t\t\t<\/div>\n\t\t<\/div>\n\t\t\t\t\t<\/div>\n\t\t<\/section>\n\t\t\t\t<\/div>\n\t\t","protected":false},"excerpt":{"rendered":"<p>VERANTWORTLICH UND KONTAKT Angaben:&nbsp;[gem\u00e4\u00df \u00a75 TMG]Team Mutter Erde GbR Office [&hellip;]<\/p>\n","protected":false},"author":1,"featured_media":0,"parent":0,"menu_order":0,"comment_status":"closed","ping_status":"closed","template":"elementor_canvas","meta":{"footnotes":""},"class_list":["post-1794","page","type-page","status-publish","hentry"],"yoast_head":"<!-- This site is optimized with the Yoast SEO plugin v27.1.1 - https:\/\/yoast.com\/product\/yoast-seo-wordpress\/ -->\n<title>Impressum - Transformations-Kessel<\/title>\n<meta name=\"robots\" content=\"index, follow, max-snippet:-1, max-image-preview:large, max-video-preview:-1\" \/>\n<link rel=\"canonical\" href=\"https:\/\/chandrikalove.tv\/index.php\/impressum\/\" \/>\n<meta property=\"og:locale\" content=\"de_DE\" \/>\n<meta property=\"og:type\" content=\"article\" \/>\n<meta property=\"og:title\" content=\"Impressum - Transformations-Kessel\" \/>\n<meta property=\"og:description\" content=\"VERANTWORTLICH UND KONTAKT Angaben:&nbsp;[gem\u00e4\u00df \u00a75 TMG]Team Mutter Erde GbR Office [&hellip;]\" \/>\n<meta property=\"og:url\" content=\"https:\/\/chandrikalove.tv\/index.php\/impressum\/\" \/>\n<meta property=\"og:site_name\" content=\"Transformations-Kessel\" \/>\n<meta property=\"article:modified_time\" content=\"2026-04-04T14:27:43+00:00\" \/>\n<meta property=\"og:image\" content=\"https:\/\/chandrikalove.tv\/wp-content\/uploads\/2025\/08\/IMP@2x-scaled.png\" \/>\n\t<meta property=\"og:image:width\" content=\"2560\" \/>\n\t<meta property=\"og:image:height\" content=\"341\" \/>\n\t<meta property=\"og:image:type\" content=\"image\/png\" \/>\n<meta name=\"twitter:card\" content=\"summary_large_image\" \/>\n<meta name=\"twitter:label1\" content=\"Gesch\u00e4tzte Lesezeit\" \/>\n\t<meta name=\"twitter:data1\" content=\"3\u00a0Minuten\" \/>\n<script type=\"application\/ld+json\" class=\"yoast-schema-graph\">{\"@context\":\"https:\/\/schema.org\",\"@graph\":[{\"@type\":\"WebPage\",\"@id\":\"https:\/\/chandrikalove.tv\/index.php\/impressum\/\",\"url\":\"https:\/\/chandrikalove.tv\/index.php\/impressum\/\",\"name\":\"Impressum - Transformations-Kessel\",\"isPartOf\":{\"@id\":\"https:\/\/chandrikalove.tv\/#website\"},\"primaryImageOfPage\":{\"@id\":\"https:\/\/chandrikalove.tv\/index.php\/impressum\/#primaryimage\"},\"image\":{\"@id\":\"https:\/\/chandrikalove.tv\/index.php\/impressum\/#primaryimage\"},\"thumbnailUrl\":\"https:\/\/chandrikalove.tv\/wp-content\/uploads\/2025\/08\/IMP@2x-1024x137.png\",\"datePublished\":\"2025-08-21T09:12:49+00:00\",\"dateModified\":\"2026-04-04T14:27:43+00:00\",\"breadcrumb\":{\"@id\":\"https:\/\/chandrikalove.tv\/index.php\/impressum\/#breadcrumb\"},\"inLanguage\":\"de\",\"potentialAction\":[{\"@type\":\"ReadAction\",\"target\":[\"https:\/\/chandrikalove.tv\/index.php\/impressum\/\"]}]},{\"@type\":\"ImageObject\",\"inLanguage\":\"de\",\"@id\":\"https:\/\/chandrikalove.tv\/index.php\/impressum\/#primaryimage\",\"url\":\"https:\/\/chandrikalove.tv\/wp-content\/uploads\/2025\/08\/IMP@2x-scaled.png\",\"contentUrl\":\"https:\/\/chandrikalove.tv\/wp-content\/uploads\/2025\/08\/IMP@2x-scaled.png\",\"width\":2560,\"height\":341},{\"@type\":\"BreadcrumbList\",\"@id\":\"https:\/\/chandrikalove.tv\/index.php\/impressum\/#breadcrumb\",\"itemListElement\":[{\"@type\":\"ListItem\",\"position\":1,\"name\":\"Startseite\",\"item\":\"https:\/\/chandrikalove.tv\/\"},{\"@type\":\"ListItem\",\"position\":2,\"name\":\"Impressum\"}]},{\"@type\":\"WebSite\",\"@id\":\"https:\/\/chandrikalove.tv\/#website\",\"url\":\"https:\/\/chandrikalove.tv\/\",\"name\":\"Transformations-Kessel\",\"description\":\"\",\"potentialAction\":[{\"@type\":\"SearchAction\",\"target\":{\"@type\":\"EntryPoint\",\"urlTemplate\":\"https:\/\/chandrikalove.tv\/?s={search_term_string}\"},\"query-input\":{\"@type\":\"PropertyValueSpecification\",\"valueRequired\":true,\"valueName\":\"search_term_string\"}}],\"inLanguage\":\"de\"}]}<\/script>\n<!-- \/ Yoast SEO plugin. -->","yoast_head_json":{"title":"Impressum - Transformations-Kessel","robots":{"index":"index","follow":"follow","max-snippet":"max-snippet:-1","max-image-preview":"max-image-preview:large","max-video-preview":"max-video-preview:-1"},"canonical":"https:\/\/chandrikalove.tv\/index.php\/impressum\/","og_locale":"de_DE","og_type":"article","og_title":"Impressum - Transformations-Kessel","og_description":"VERANTWORTLICH UND KONTAKT Angaben:&nbsp;[gem\u00e4\u00df \u00a75 TMG]Team Mutter Erde GbR Office [&hellip;]","og_url":"https:\/\/chandrikalove.tv\/index.php\/impressum\/","og_site_name":"Transformations-Kessel","article_modified_time":"2026-04-04T14:27:43+00:00","og_image":[{"width":2560,"height":341,"url":"https:\/\/chandrikalove.tv\/wp-content\/uploads\/2025\/08\/IMP@2x-scaled.png","type":"image\/png"}],"twitter_card":"summary_large_image","twitter_misc":{"Gesch\u00e4tzte Lesezeit":"3\u00a0Minuten"},"schema":{"@context":"https:\/\/schema.org","@graph":[{"@type":"WebPage","@id":"https:\/\/chandrikalove.tv\/index.php\/impressum\/","url":"https:\/\/chandrikalove.tv\/index.php\/impressum\/","name":"Impressum - Transformations-Kessel","isPartOf":{"@id":"https:\/\/chandrikalove.tv\/#website"},"primaryImageOfPage":{"@id":"https:\/\/chandrikalove.tv\/index.php\/impressum\/#primaryimage"},"image":{"@id":"https:\/\/chandrikalove.tv\/index.php\/impressum\/#primaryimage"},"thumbnailUrl":"https:\/\/chandrikalove.tv\/wp-content\/uploads\/2025\/08\/IMP@2x-1024x137.png","datePublished":"2025-08-21T09:12:49+00:00","dateModified":"2026-04-04T14:27:43+00:00","breadcrumb":{"@id":"https:\/\/chandrikalove.tv\/index.php\/impressum\/#breadcrumb"},"inLanguage":"de","potentialAction":[{"@type":"ReadAction","target":["https:\/\/chandrikalove.tv\/index.php\/impressum\/"]}]},{"@type":"ImageObject","inLanguage":"de","@id":"https:\/\/chandrikalove.tv\/index.php\/impressum\/#primaryimage","url":"https:\/\/chandrikalove.tv\/wp-content\/uploads\/2025\/08\/IMP@2x-scaled.png","contentUrl":"https:\/\/chandrikalove.tv\/wp-content\/uploads\/2025\/08\/IMP@2x-scaled.png","width":2560,"height":341},{"@type":"BreadcrumbList","@id":"https:\/\/chandrikalove.tv\/index.php\/impressum\/#breadcrumb","itemListElement":[{"@type":"ListItem","position":1,"name":"Startseite","item":"https:\/\/chandrikalove.tv\/"},{"@type":"ListItem","position":2,"name":"Impressum"}]},{"@type":"WebSite","@id":"https:\/\/chandrikalove.tv\/#website","url":"https:\/\/chandrikalove.tv\/","name":"Transformations-Kessel","description":"","potentialAction":[{"@type":"SearchAction","target":{"@type":"EntryPoint","urlTemplate":"https:\/\/chandrikalove.tv\/?s={search_term_string}"},"query-input":{"@type":"PropertyValueSpecification","valueRequired":true,"valueName":"search_term_string"}}],"inLanguage":"de"}]}},"_links":{"self":[{"href":"https:\/\/chandrikalove.tv\/index.php\/wp-json\/wp\/v2\/pages\/1794","targetHints":{"allow":["GET"]}}],"collection":[{"href":"https:\/\/chandrikalove.tv\/index.php\/wp-json\/wp\/v2\/pages"}],"about":[{"href":"https:\/\/chandrikalove.tv\/index.php\/wp-json\/wp\/v2\/types\/page"}],"author":[{"embeddable":true,"href":"https:\/\/chandrikalove.tv\/index.php\/wp-json\/wp\/v2\/users\/1"}],"replies":[{"embeddable":true,"href":"https:\/\/chandrikalove.tv\/index.php\/wp-json\/wp\/v2\/comments?post=1794"}],"version-history":[{"count":24,"href":"https:\/\/chandrikalove.tv\/index.php\/wp-json\/wp\/v2\/pages\/1794\/revisions"}],"predecessor-version":[{"id":2496,"href":"https:\/\/chandrikalove.tv\/index.php\/wp-json\/wp\/v2\/pages\/1794\/revisions\/2496"}],"wp:attachment":[{"href":"https:\/\/chandrikalove.tv\/index.php\/wp-json\/wp\/v2\/media?parent=1794"}],"curies":[{"name":"wp","href":"https:\/\/api.w.org\/{rel}","templated":true}]}}